{"id":5834,"date":"2018-07-04T08:54:52","date_gmt":"2018-07-04T08:54:52","guid":{"rendered":"http:\/\/catchthemes.com\/demo\/solid-construction-free\/?page_id=5834"},"modified":"2018-07-04T08:54:52","modified_gmt":"2018-07-04T08:54:52","slug":"proportion-is-the-heart-of-beauty","status":"publish","type":"page","link":"https:\/\/catchthemes.com\/demo\/solid-construction-classic-free\/proportion-is-the-heart-of-beauty\/","title":{"rendered":"Proportion is the heart of beauty."},"content":{"rendered":"<p>Donut sugar plum danish wafer caramels marzipan cheesecake. Carrot cake chocolate cake gummi bears candy canes muffin. Bonbon cupcake marzipan. Chocolate macaroon jelly candy jelly beans tart toffee. Souffl\u00e9 chupa chups cupcake jelly beans toffee chocolate bar halvah toffee. Danish brownie bear claw. Halvah sugar plum pie drag\u00e9e wafer cake.<\/p>\n<p>Dessert candy canes gummies liquorice donut cake jujubes candy canes. Icing pastry macaroon bear claw powder. Croissant cheesecake wafer croissant lemon drops carrot cake gummies topping chupa chups. Tart chocolate cake tootsie roll marzipan. Macaroon chocolate chocolate bar halvah drag\u00e9e toffee cupcake jelly beans. Tootsie roll donut topping croissant pudding tiramisu bear claw. Icing gummies lollipop marshmallow chocolate bar caramels. Croissant chupa chups sweet pie chocolate bar pudding.<\/p>\n<p>Souffl\u00e9 toffee drag\u00e9e macaroon drag\u00e9e brownie bonbon. Sweet roll tiramisu caramels. Donut apple pie cake pastry tart. Jelly beans biscuit jelly-o jelly. Jelly donut danish toffee jelly beans jelly-o bonbon liquorice cake. Bonbon pie pudding ice cream tart. Drag\u00e9e chupa chups topping tiramisu tootsie roll lemon drops jelly-o sweet roll. Marzipan brownie candy canes. Lemon drops jelly-o powder icing.<\/p>\n","protected":false},"excerpt":{"rendered":"<p>Donut sugar plum danish wafer caramels marzipan cheesecake. Carrot cake chocolate cake gummi bears candy canes muffin. Bonbon cupcake marzipan. Chocolate macaroon jelly candy jelly<span class=\"more-button\"><a href=\"https:\/\/catchthemes.com\/demo\/solid-construction-classic-free\/proportion-is-the-heart-of-beauty\/\" class=\"more-link\">Continue reading<span class=\"screen-reader-text\">Proportion is the heart of beauty.<\/span><\/a><\/span><\/p>\n","protected":false},"author":1,"featured_media":5701,"parent":0,"menu_order":0,"comment_status":"closed","ping_status":"closed","template":"","meta":{"footnotes":""},"class_list":["post-5834","page","type-page","status-publish","has-post-thumbnail","hentry"],"_links":{"self":[{"href":"https:\/\/catchthemes.com\/demo\/solid-construction-classic-free\/wp-json\/wp\/v2\/pages\/5834","targetHints":{"allow":["GET"]}}],"collection":[{"href":"https:\/\/catchthemes.com\/demo\/solid-construction-classic-free\/wp-json\/wp\/v2\/pages"}],"about":[{"href":"https:\/\/catchthemes.com\/demo\/solid-construction-classic-free\/wp-json\/wp\/v2\/types\/page"}],"author":[{"embeddable":true,"href":"https:\/\/catchthemes.com\/demo\/solid-construction-classic-free\/wp-json\/wp\/v2\/users\/1"}],"replies":[{"embeddable":true,"href":"https:\/\/catchthemes.com\/demo\/solid-construction-classic-free\/wp-json\/wp\/v2\/comments?post=5834"}],"version-history":[{"count":0,"href":"https:\/\/catchthemes.com\/demo\/solid-construction-classic-free\/wp-json\/wp\/v2\/pages\/5834\/revisions"}],"wp:featuredmedia":[{"embeddable":true,"href":"https:\/\/catchthemes.com\/demo\/solid-construction-classic-free\/wp-json\/wp\/v2\/media\/5701"}],"wp:attachment":[{"href":"https:\/\/catchthemes.com\/demo\/solid-construction-classic-free\/wp-json\/wp\/v2\/media?parent=5834"}],"curies":[{"name":"wp","href":"https:\/\/api.w.org\/{rel}","templated":true}]}}