{"id":28,"date":"2014-09-17T18:02:25","date_gmt":"2014-09-17T18:02:25","guid":{"rendered":"http:\/\/catchthemes.com\/demo\/catch-flames\/?page_id=28"},"modified":"2014-12-07T18:46:22","modified_gmt":"2014-12-07T18:46:22","slug":"no-sidebar-full-width","status":"publish","type":"page","link":"https:\/\/catchthemes.com\/demo\/catch-flames\/layout-options\/no-sidebar-full-width\/","title":{"rendered":"No Sidebar, Full Width"},"content":{"rendered":"<p>This is an example No Sidebar, Full Width layout page. You can customize through &#8220;Appearance => Theme Options => Layout Options&#8221; from your WordPress Dashboard. Further, you can select custom layout for individual page and post though &#8220;Catch Flames Options&#8221; meta box below the post and page editor.<\/p>\n<p>Chocolate apple pie jelly beans applicake gingerbread. Candy cake marshmallow fruitcake cupcake. Bonbon tart macaroon tiramisu icing. Brownie sweet roll macaroon jelly beans cupcake cotton candy powder. Cookie candy canes candy. Pie sweet roll tootsie roll toffee lollipop pudding. Brownie chupa chups biscuit jujubes fruitcake chupa chups. Bear claw muffin powder.<\/p>\n<p>Brownie sesame snaps gingerbread croissant caramels icing cake. Pie pastry dessert marzipan caramels candy canes dessert sweet sweet roll. Bonbon gummi bears icing gummies jujubes cheesecake. Cupcake gummi bears cheesecake brownie fruitcake croissant. Marzipan chocolate bar drag\u00e9e cotton candy macaroon. Liquorice souffl\u00e9 sweet roll gummies. Tootsie roll drag\u00e9e pie marzipan cupcake topping lemon drops candy canes jelly. Marzipan tiramisu liquorice fruitcake chupa chups.<\/p>\n<p>Marshmallow jelly-o toffee chocolate tart sweet. Fruitcake sweet roll pastry oat cake. Brownie toffee sweet lemon drops jelly beans biscuit chocolate drag\u00e9e lemon drops. Marshmallow gummi bears gingerbread lemon drops cupcake carrot cake oat cake gummi bears. Bonbon marzipan cookie jelly beans. jelly beans ice cream. Topping marzipan brownie sesame snaps. Unerdwear.com gummies croissant candy canes halvah.<\/p>\n","protected":false},"excerpt":{"rendered":"<p>This is an example No Sidebar, Full Width layout page. You can customize through &#8220;Appearance => Theme Options => Layout Options&#8221; from your WordPress Dashboard. Further, you can select custom <a class=\"more-link\" href=\"https:\/\/catchthemes.com\/demo\/catch-flames\/layout-options\/no-sidebar-full-width\/\">Continue Reading &rarr;<\/a><\/p>\n","protected":false},"author":1,"featured_media":0,"parent":9,"menu_order":0,"comment_status":"closed","ping_status":"open","template":"","meta":{"footnotes":""},"class_list":["post-28","page","type-page","status-publish","hentry"],"_links":{"self":[{"href":"https:\/\/catchthemes.com\/demo\/catch-flames\/wp-json\/wp\/v2\/pages\/28","targetHints":{"allow":["GET"]}}],"collection":[{"href":"https:\/\/catchthemes.com\/demo\/catch-flames\/wp-json\/wp\/v2\/pages"}],"about":[{"href":"https:\/\/catchthemes.com\/demo\/catch-flames\/wp-json\/wp\/v2\/types\/page"}],"author":[{"embeddable":true,"href":"https:\/\/catchthemes.com\/demo\/catch-flames\/wp-json\/wp\/v2\/users\/1"}],"replies":[{"embeddable":true,"href":"https:\/\/catchthemes.com\/demo\/catch-flames\/wp-json\/wp\/v2\/comments?post=28"}],"version-history":[{"count":2,"href":"https:\/\/catchthemes.com\/demo\/catch-flames\/wp-json\/wp\/v2\/pages\/28\/revisions"}],"predecessor-version":[{"id":1781,"href":"https:\/\/catchthemes.com\/demo\/catch-flames\/wp-json\/wp\/v2\/pages\/28\/revisions\/1781"}],"up":[{"embeddable":true,"href":"https:\/\/catchthemes.com\/demo\/catch-flames\/wp-json\/wp\/v2\/pages\/9"}],"wp:attachment":[{"href":"https:\/\/catchthemes.com\/demo\/catch-flames\/wp-json\/wp\/v2\/media?parent=28"}],"curies":[{"name":"wp","href":"https:\/\/api.w.org\/{rel}","templated":true}]}}